{"id":2,"date":"2024-05-06T14:41:30","date_gmt":"2024-05-06T14:41:30","guid":{"rendered":"https:\/\/lamission.sn\/?page_id=2"},"modified":"2024-12-07T12:40:29","modified_gmt":"2024-12-07T12:40:29","slug":"programmes","status":"publish","type":"page","link":"https:\/\/lamission.sn\/en\/programmes\/","title":{"rendered":"Actualit\u00e9s"},"content":{"rendered":"<p>Our extensive experience in a variety of sectors and services speaks volumes about our capabilities. Here are just a few examples:<br \/>\n    Food industry<br \/>\n    Automobile<br \/>\n    Chemistry<br \/>\n    Sales<br \/>\n    Energy and Natural Resources<br \/>\n    Engins &#038; Equipements Industriels<br \/>\n    Infrastructure, Construction and Building Materials<br \/>\n    Media and Entertainment<br \/>\n    Metallurgy and Mining<br \/>\n    P\u00e9trole &#038; Gaz<br \/>\n    Private Equity<br \/>\n    Forest Products, Paper and Packaging<br \/>\n    Medical Industry<br \/>\n    Financial Services<br \/>\n    Public Sector<br \/>\n    Technology<br \/>\n    Telecommunications<br \/>\n    Transports &#038; Logistique<br \/>\n    Utilities &#038; Energies Renouvelables<br \/>\n\t\tThrough these experiences, we have honed our expertise and are committed to delivering exceptional results for our customers.<\/p>\n<p>Join us on the road to transformation and success.<\/p>\n<p>\t\t\t\t\t<a href=\"\/en\/contact\/\"><br \/>\n\t\t\t\t\t\t\t\t\tContact us<br \/>\n\t\t\t\t\t<\/a><\/p>\n<h2 style=\"color: #ffffff;text-align: center;font-weight:700\">nous serons ravis d&rsquo;\u00e9changer sur vos projets<br \/>\n<\/h2>\n<p>\t\t\t\t\t<a href=\"\/en\/contact\/\"><br \/>\n\t\t\t\t\t\t\t\t\tContact us<br \/>\n\t\t\t\t\t<\/a><\/p>\n\n\n<p><\/p>","protected":false},"excerpt":{"rendered":"<p>Notre vaste exp\u00e9rience dans divers secteurs et services en dit long sur nos capacit\u00e9s. En voici quelques exemples : Agroalimentaire Automobile Chimie Distribution Energie et Ressources Naturelles Engins &#038; Equipements Industriels Infrastructures, BTP et Mat\u00e9riaux de Construction Media et Divertissement M\u00e9tallurgie et Mines P\u00e9trole &#038; Gaz Private Equity Produits Forestiers, Papier et Emballage Industrie M\u00e9dicale<\/p>","protected":false},"author":1,"featured_media":0,"parent":0,"menu_order":0,"comment_status":"closed","ping_status":"closed","template":"","meta":{"footnotes":""},"class_list":["post-2","page","type-page","status-publish","hentry"],"_links":{"self":[{"href":"https:\/\/lamission.sn\/en\/wp-json\/wp\/v2\/pages\/2","targetHints":{"allow":["GET"]}}],"collection":[{"href":"https:\/\/lamission.sn\/en\/wp-json\/wp\/v2\/pages"}],"about":[{"href":"https:\/\/lamission.sn\/en\/wp-json\/wp\/v2\/types\/page"}],"author":[{"embeddable":true,"href":"https:\/\/lamission.sn\/en\/wp-json\/wp\/v2\/users\/1"}],"replies":[{"embeddable":true,"href":"https:\/\/lamission.sn\/en\/wp-json\/wp\/v2\/comments?post=2"}],"version-history":[{"count":16,"href":"https:\/\/lamission.sn\/en\/wp-json\/wp\/v2\/pages\/2\/revisions"}],"predecessor-version":[{"id":8897,"href":"https:\/\/lamission.sn\/en\/wp-json\/wp\/v2\/pages\/2\/revisions\/8897"}],"wp:attachment":[{"href":"https:\/\/lamission.sn\/en\/wp-json\/wp\/v2\/media?parent=2"}],"curies":[{"name":"wp","href":"https:\/\/api.w.org\/{rel}","templated":true}]}}