{"id":558,"date":"2016-01-13T17:48:37","date_gmt":"2016-01-13T17:48:37","guid":{"rendered":"http:\/\/consulting.stylemixthemes.com\/demo\/?page_id=558"},"modified":"2025-05-17T16:50:26","modified_gmt":"2025-05-17T16:50:26","slug":"nos-services","status":"publish","type":"page","link":"https:\/\/lamission.sn\/en\/nos-services\/","title":{"rendered":"What we offer ..."},"content":{"rendered":"<div data-elementor-type=\"wp-page\" data-elementor-id=\"558\" class=\"elementor elementor-558\">\n\t\t\t\t\t\t<section class=\"elementor-section elementor-top-section elementor-element elementor-element-7118143 elementor-section-boxed elementor-section-height-default elementor-section-height-default\" data-id=\"7118143\" data-element_type=\"section\" data-e-type=\"section\" data-settings=\"{&quot;background_background&quot;:&quot;classic&quot;}\">\n\t\t\t\t\t\t<div class=\"elementor-container elementor-column-gap-default\">\n\t\t\t\t\t<div class=\"elementor-column elementor-col-100 elementor-top-column elementor-element elementor-element-7118742\" data-id=\"7118742\" data-element_type=\"column\" data-e-type=\"column\">\n\t\t\t<div class=\"elementor-widget-wrap elementor-element-populated\">\n\t\t\t\t\t\t<div class=\"elementor-element elementor-element-7118ba0 elementor-widget elementor-widget-stm_services\" data-id=\"7118ba0\" data-element_type=\"widget\" data-e-type=\"widget\" data-widget_type=\"stm_services.default\">\n\t\t\t\t<div class=\"elementor-widget-container\">\n\t\t\t\t\t\n\t<div class=\"stm_services consulting_elementor_services style_8 cols_4\">\n\t\t\t\t\t<div class=\"stm_service\">\n\n\t\t\t\t<div class=\"stm_service__icon\">\n\t\t\t\t\t<i class=\"stm-delhi-diamond\"><\/i>\n\t\t\t\t<\/div>\n\t\t\t\t\t\t\t\t<h3 class=\"stm_service__title\">\n\t\t\t\t\t<a href=\"https:\/\/lamission.sn\/en\/service\/project-management\/\">\n\t\t\t\t\t\tProject Management\t\t\t\t\t<\/a>\n\t\t\t\t<\/h3>\n\t\t\t\t\n\t\t\t\t\t\t\t\t<div class=\"stm_service__excerpt base_font_color\">\n\t\t\t\t\t<p>Baseline and endline studies - Team recruitment and training - Project implementation - Monitoring and evaluation - Drafting proposals for calls for tender - Reporting<\/p>\n\t\t\t\t<\/div>\n\t\t\t\t\n\t\t\t\t\t\t\t\t<a href=\"https:\/\/lamission.sn\/en\/service\/project-management\/\" class=\"stm_service__link\">Read more <i class=\"stm-lnr-arrow-right\"><\/i><\/a>\n\t\t\t\t\t\t\t<\/div>\n\t\t\t\t\t<div class=\"stm_service\">\n\n\t\t\t\t<div class=\"stm_service__icon\">\n\t\t\t\t\t<i class=\"stm-zurich-portfolio\"><\/i>\n\t\t\t\t<\/div>\n\t\t\t\t\t\t\t\t<h3 class=\"stm_service__title\">\n\t\t\t\t\t<a href=\"https:\/\/lamission.sn\/en\/service\/design-et-recherche\/\">\n\t\t\t\t\t\tDesign and Research\t\t\t\t\t<\/a>\n\t\t\t\t<\/h3>\n\t\t\t\t\n\t\t\t\t\t\t\t\t<div class=\"stm_service__excerpt base_font_color\">\n\t\t\t\t\t<p>Research &amp; Studies - Data Collection &amp; Analysis - Focus Groups &amp; Interviews<\/p>\n\t\t\t\t<\/div>\n\t\t\t\t\n\t\t\t\t\t\t\t\t<a href=\"https:\/\/lamission.sn\/en\/service\/design-et-recherche\/\" class=\"stm_service__link\">Read more <i class=\"stm-lnr-arrow-right\"><\/i><\/a>\n\t\t\t\t\t\t\t<\/div>\n\t\t\t\t\t<div class=\"stm_service\">\n\n\t\t\t\t<div class=\"stm_service__icon\">\n\t\t\t\t\t<i class=\"stm-amsterdam-presentation\"><\/i>\n\t\t\t\t<\/div>\n\t\t\t\t\t\t\t\t<h3 class=\"stm_service__title\">\n\t\t\t\t\t<a href=\"https:\/\/lamission.sn\/en\/service\/communication\/\">\n\t\t\t\t\t\tCommunication\t\t\t\t\t<\/a>\n\t\t\t\t<\/h3>\n\t\t\t\t\n\t\t\t\t\t\t\t\t<div class=\"stm_service__excerpt base_font_color\">\n\t\t\t\t\t<p>Brand Identity - Brand naming - Behaviour change communication - Crisis communication - Public relations and media - Awareness and advocacy campaigns - Digital solutions - Online\/Offline communication media<\/p>\n\t\t\t\t<\/div>\n\t\t\t\t\n\t\t\t\t\t\t\t\t<a href=\"https:\/\/lamission.sn\/en\/service\/communication\/\" class=\"stm_service__link\">Read more <i class=\"stm-lnr-arrow-right\"><\/i><\/a>\n\t\t\t\t\t\t\t<\/div>\n\t\t\t\t\t<div class=\"stm_service\">\n\n\t\t\t\t<div class=\"stm_service__icon\">\n\t\t\t\t\t<i class=\"stm-horn\"><\/i>\n\t\t\t\t<\/div>\n\t\t\t\t\t\t\t\t<h3 class=\"stm_service__title\">\n\t\t\t\t\t<a href=\"https:\/\/lamission.sn\/en\/service\/business-development\/\">\n\t\t\t\t\t\tBusiness Development\t\t\t\t\t<\/a>\n\t\t\t\t<\/h3>\n\t\t\t\t\n\t\t\t\t\t\t\t\t<div class=\"stm_service__excerpt base_font_color\">\n\t\t\t\t\t<p>Training and coaching program - Strategic plan - Revenue diversification strategy - Product launch - Expansion strategy - Business model innovation - Customer loyalty program - Digital transformation<\/p>\n\t\t\t\t<\/div>\n\t\t\t\t\n\t\t\t\t\t\t\t\t<a href=\"https:\/\/lamission.sn\/en\/service\/business-development\/\" class=\"stm_service__link\">Read more <i class=\"stm-lnr-arrow-right\"><\/i><\/a>\n\t\t\t\t\t\t\t<\/div>\n\t\t\t<\/div>\n\n\t\t\t\t\t<\/div>\n\t\t\t\t<\/div>\n\t\t\t\t\t<\/div>\n\t\t<\/div>\n\t\t\t\t\t<\/div>\n\t\t<\/section>\n\t\t\t\t<section class=\"elementor-section elementor-top-section elementor-element elementor-element-70ee2e7 video_overlay elementor-section-boxed elementor-section-height-default elementor-section-height-default\" data-id=\"70ee2e7\" data-element_type=\"section\" data-e-type=\"section\" data-settings=\"{&quot;background_background&quot;:&quot;classic&quot;}\">\n\t\t\t\t\t\t\t<div class=\"elementor-background-overlay\"><\/div>\n\t\t\t\t\t\t\t<div class=\"elementor-container elementor-column-gap-default\">\n\t\t\t\t\t<div class=\"elementor-column elementor-col-100 elementor-top-column elementor-element elementor-element-2f3ee90\" data-id=\"2f3ee90\" data-element_type=\"column\" data-e-type=\"column\">\n\t\t\t<div class=\"elementor-widget-wrap elementor-element-populated\">\n\t\t\t\t\t\t<div class=\"elementor-element elementor-element-fb828dd elementor-widget elementor-widget-vc_custom_heading\" data-id=\"fb828dd\" data-element_type=\"widget\" data-e-type=\"widget\" data-widget_type=\"vc_custom_heading.default\">\n\t\t\t\t<div class=\"elementor-widget-container\">\n\t\t\t\t\t<div class=\"vc_custom_heading  consulting_heading_font  text_align_center\" ><h2 style=\"color: #ffffff;text-align: center;font-weight:700\" class=\"consulting-custom-title\">we'd be delighted to discuss your projects with you\n<\/h2><\/div>\t\t\t\t<\/div>\n\t\t\t\t<\/div>\n\t\t\t\t<div class=\"elementor-element elementor-element-44910a7 elementor-align-center elementor-widget elementor-widget-button\" data-id=\"44910a7\" data-element_type=\"widget\" data-e-type=\"widget\" data-widget_type=\"button.default\">\n\t\t\t\t<div class=\"elementor-widget-container\">\n\t\t\t\t\t\t\t\t\t<div class=\"elementor-button-wrapper icon_align_right\">\n\t\t\t\t\t<a class=\"elementor-button elementor-button-link elementor-size-lg\" href=\"\/en\/contact\/\">\n\t\t\t\t\t\t<span class=\"elementor-button-content-wrapper\">\n\t\t\t\t\t\t<span class=\"elementor-button-icon\">\n\t\t\t\t<i aria-hidden=\"true\" class=\"fa fa-chevron-right\"><\/i>\t\t\t<\/span>\n\t\t\t\t\t\t\t\t\t<span class=\"elementor-button-text\">Contact us<\/span>\n\t\t\t\t\t<\/span>\n\t\t\t\t\t<\/a>\n\t\t\t\t<\/div>\n\t\t\t\t\t\t\t\t<\/div>\n\t\t\t\t<\/div>\n\t\t\t\t\t<\/div>\n\t\t<\/div>\n\t\t\t\t\t<\/div>\n\t\t<\/section>\n\t\t\t\t<\/div>","protected":false},"excerpt":{"rendered":"<p>Project Management Etude baseline, endline &#8211; Recrutement et formation de l\u2019\u00e9quipe &#8211; Mise en oeuvre de projet &#8211; Suivi-\u00e9valuation &#8211; R\u00e9daction de proposition aux appels d\u2019offre &#8211; Reporting Lire plus Design et Recherche Recherche &#038; \u00c9tudes &#8211; Analyses &#038; Collectes de Donn\u00e9es &#8211; Focus Group &#038; Entretiens Lire plus Communication Brand Identity &#8211; Brand naming<\/p>","protected":false},"author":2,"featured_media":0,"parent":0,"menu_order":0,"comment_status":"closed","ping_status":"closed","template":"","meta":{"footnotes":""},"class_list":["post-558","page","type-page","status-publish","hentry"],"_links":{"self":[{"href":"https:\/\/lamission.sn\/en\/wp-json\/wp\/v2\/pages\/558","targetHints":{"allow":["GET"]}}],"collection":[{"href":"https:\/\/lamission.sn\/en\/wp-json\/wp\/v2\/pages"}],"about":[{"href":"https:\/\/lamission.sn\/en\/wp-json\/wp\/v2\/types\/page"}],"author":[{"embeddable":true,"href":"https:\/\/lamission.sn\/en\/wp-json\/wp\/v2\/users\/2"}],"replies":[{"embeddable":true,"href":"https:\/\/lamission.sn\/en\/wp-json\/wp\/v2\/comments?post=558"}],"version-history":[{"count":29,"href":"https:\/\/lamission.sn\/en\/wp-json\/wp\/v2\/pages\/558\/revisions"}],"predecessor-version":[{"id":9028,"href":"https:\/\/lamission.sn\/en\/wp-json\/wp\/v2\/pages\/558\/revisions\/9028"}],"wp:attachment":[{"href":"https:\/\/lamission.sn\/en\/wp-json\/wp\/v2\/media?parent=558"}],"curies":[{"name":"wp","href":"https:\/\/api.w.org\/{rel}","templated":true}]}}